{"id":810,"date":"2023-10-24T16:29:44","date_gmt":"2023-10-24T16:29:44","guid":{"rendered":"https:\/\/mmh-book.com\/?post_type=product&#038;p=810"},"modified":"2024-10-28T16:40:38","modified_gmt":"2024-10-28T16:40:38","slug":"le-livre","status":"publish","type":"product","link":"https:\/\/mmh-book.com\/en\/product\/le-livre\/","title":{"rendered":"Livre imprim\u00e9"},"content":{"rendered":"<p>Le guide du chocolat bean-to-bar, \u00e0 offrir ou \u00e0 s\u2019offrir, pour savoir d\u2019o\u00f9 vient le chocolat et comment le d\u00e9guster<\/p>\n","protected":false},"excerpt":{"rendered":"<p>Le guide du chocolat bean-to-bar, \u00e0 offrir ou \u00e0 s\u2019offrir, pour savoir d\u2019o\u00f9 vient le chocolat et comment le d\u00e9guster<\/p>\n","protected":false},"featured_media":1041,"template":"","meta":{"_seopress_robots_primary_cat":"none","_seopress_titles_title":"","_seopress_titles_desc":"","_seopress_robots_index":""},"product_brand":[],"product_cat":[20],"product_tag":[],"class_list":{"0":"post-810","1":"product","2":"type-product","3":"status-publish","4":"has-post-thumbnail","6":"product_cat-uncategorized","8":"first","9":"instock","10":"shipping-taxable","11":"purchasable","12":"product-type-simple"},"_links":{"self":[{"href":"https:\/\/mmh-book.com\/en\/wp-json\/wp\/v2\/product\/810","targetHints":{"allow":["GET"]}}],"collection":[{"href":"https:\/\/mmh-book.com\/en\/wp-json\/wp\/v2\/product"}],"about":[{"href":"https:\/\/mmh-book.com\/en\/wp-json\/wp\/v2\/types\/product"}],"wp:featuredmedia":[{"embeddable":true,"href":"https:\/\/mmh-book.com\/en\/wp-json\/wp\/v2\/media\/1041"}],"wp:attachment":[{"href":"https:\/\/mmh-book.com\/en\/wp-json\/wp\/v2\/media?parent=810"}],"wp:term":[{"taxonomy":"product_brand","embeddable":true,"href":"https:\/\/mmh-book.com\/en\/wp-json\/wp\/v2\/product_brand?post=810"},{"taxonomy":"product_cat","embeddable":true,"href":"https:\/\/mmh-book.com\/en\/wp-json\/wp\/v2\/product_cat?post=810"},{"taxonomy":"product_tag","embeddable":true,"href":"https:\/\/mmh-book.com\/en\/wp-json\/wp\/v2\/product_tag?post=810"}],"curies":[{"name":"wp","href":"https:\/\/api.w.org\/{rel}","templated":true}]}}